{"id":171,"date":"2026-05-13T12:08:38","date_gmt":"2026-05-13T12:08:38","guid":{"rendered":"https:\/\/vediccourses.org\/?page_id=171"},"modified":"2026-05-13T13:05:45","modified_gmt":"2026-05-13T13:05:45","slug":"about-us","status":"publish","type":"page","link":"https:\/\/vediccourses.org\/index.php\/about-us\/","title":{"rendered":"About us"},"content":{"rendered":"<p>[et_pb_section fb_built=&#8221;1&#8243; theme_builder_area=&#8221;post_content&#8221; _builder_version=&#8221;4.27.6&#8243; _module_preset=&#8221;default&#8221; custom_margin=&#8221;0px||0px||false|false&#8221; custom_padding=&#8221;0px||0px||false|false&#8221; hover_enabled=&#8221;0&#8243; sticky_enabled=&#8221;0&#8243; background_color=&#8221;#faf3e7&#8243;][et_pb_row _builder_version=&#8221;4.27.6&#8243; _module_preset=&#8221;default&#8221; theme_builder_area=&#8221;post_content&#8221; column_structure=&#8221;2_5,3_5&#8243; hover_enabled=&#8221;0&#8243; sticky_enabled=&#8221;0&#8243; width=&#8221;100%&#8221; max_width=&#8221;1920px&#8221; title_text=&#8221;hero&#8221; background_enable_image=&#8221;off&#8221; custom_margin=&#8221;0px||0px||false|false&#8221; custom_padding=&#8221;0px||0px||false|false&#8221;][et_pb_column _builder_version=&#8221;4.27.6&#8243; _module_preset=&#8221;default&#8221; type=&#8221;2_5&#8243; theme_builder_area=&#8221;post_content&#8221; hover_enabled=&#8221;0&#8243; sticky_enabled=&#8221;0&#8243;][et_pb_text _builder_version=&#8221;4.27.6&#8243; _module_preset=&#8221;default&#8221; theme_builder_area=&#8221;post_content&#8221; hover_enabled=&#8221;0&#8243; sticky_enabled=&#8221;0&#8243; custom_margin=&#8221;30%||30%|10%|true|false&#8221; header_font_size=&#8221;75px&#8221;]<\/p>\n<h3>About us<\/h3>\n<h1>Bhaktivedanta School of Vedic Studies (BSVS)<\/h1>\n<h3 data-section-id=\"nnm3sw\" data-start=\"445\" data-end=\"491\"><span role=\"text\"><em data-start=\"449\" data-end=\"491\">Read \u015a\u0101stra \u2022 Live \u015a\u0101stra \u2022 Share \u015a\u0101stra<\/em><\/span><\/h3>\n<p><span role=\"text\"><em data-start=\"449\" data-end=\"491\">Bhaktivedanta School of Vedic Studies (BSVS) is dedicated to systematically propagating the timeless teachings of: Bhagavad-g\u012bt\u0101 As It Is \u015ar\u012bmad-Bh\u0101gavatam Caitanya-carit\u0101m\u1e5bta and other Vedic literatures strictly according to the teachings of His Divine Grace A. C. Bhaktivedanta Swami Prabhup\u0101da<\/em><\/span><\/p>\n<p>[\/et_pb_text][\/et_pb_column][et_pb_column _builder_version=&#8221;4.27.6&#8243; _module_preset=&#8221;default&#8221; type=&#8221;3_5&#8243; theme_builder_area=&#8221;post_content&#8221;][et_pb_image src=&#8221;https:\/\/vediccourses.org\/wp-content\/uploads\/2026\/05\/hero-half.png&#8221; _builder_version=&#8221;4.27.6&#8243; _module_preset=&#8221;default&#8221; theme_builder_area=&#8221;post_content&#8221; title_text=&#8221;hero half&#8221; hover_enabled=&#8221;0&#8243; sticky_enabled=&#8221;0&#8243; show_bottom_space=&#8221;off&#8221; custom_margin=&#8221;0px||0px||false|false&#8221; custom_padding=&#8221;0px||0px||false|false&#8221;][\/et_pb_image][\/et_pb_column][\/et_pb_row][\/et_pb_section]<\/p>\n","protected":false},"excerpt":{"rendered":"<p>About us Bhaktivedanta School of Vedic Studies (BSVS) Read \u015a\u0101stra \u2022 Live \u015a\u0101stra \u2022 Share \u015a\u0101stra Bhaktivedanta School of Vedic Studies (BSVS) is dedicated to systematically propagating the timeless teachings of: Bhagavad-g\u012bt\u0101 As It Is \u015ar\u012bmad-Bh\u0101gavatam Caitanya-carit\u0101m\u1e5bta and other Vedic literatures strictly according to the teachings of His Divine Grace A. C. Bhaktivedanta Swami Prabhup\u0101da<\/p>\n","protected":false},"author":1,"featured_media":0,"parent":0,"menu_order":0,"comment_status":"closed","ping_status":"closed","template":"","meta":{"_et_pb_use_builder":"on","_et_pb_old_content":"","_et_gb_content_width":"","footnotes":""},"class_list":["post-171","page","type-page","status-publish","hentry"],"_links":{"self":[{"href":"https:\/\/vediccourses.org\/index.php\/wp-json\/wp\/v2\/pages\/171","targetHints":{"allow":["GET"]}}],"collection":[{"href":"https:\/\/vediccourses.org\/index.php\/wp-json\/wp\/v2\/pages"}],"about":[{"href":"https:\/\/vediccourses.org\/index.php\/wp-json\/wp\/v2\/types\/page"}],"author":[{"embeddable":true,"href":"https:\/\/vediccourses.org\/index.php\/wp-json\/wp\/v2\/users\/1"}],"replies":[{"embeddable":true,"href":"https:\/\/vediccourses.org\/index.php\/wp-json\/wp\/v2\/comments?post=171"}],"version-history":[{"count":4,"href":"https:\/\/vediccourses.org\/index.php\/wp-json\/wp\/v2\/pages\/171\/revisions"}],"predecessor-version":[{"id":228,"href":"https:\/\/vediccourses.org\/index.php\/wp-json\/wp\/v2\/pages\/171\/revisions\/228"}],"wp:attachment":[{"href":"https:\/\/vediccourses.org\/index.php\/wp-json\/wp\/v2\/media?parent=171"}],"curies":[{"name":"wp","href":"https:\/\/api.w.org\/{rel}","templated":true}]}}